{"id":503,"date":"2022-04-06T10:27:23","date_gmt":"2022-04-06T08:27:23","guid":{"rendered":"https:\/\/objectif-formation-cinema.com\/?page_id=503"},"modified":"2022-06-09T10:36:11","modified_gmt":"2022-06-09T08:36:11","slug":"mentions-legales","status":"publish","type":"page","link":"https:\/\/objectif-formation-cinema.com\/index.php\/mentions-legales\/","title":{"rendered":"Mentions l\u00e9gales"},"content":{"rendered":"<style>\/*! elementor - v3.6.2 - 04-04-2022 *\/<br \/>\n.elementor-widget-divider{--divider-border-style:none;--divider-border-width:1px;--divider-color:#2c2c2c;--divider-icon-size:20px;--divider-element-spacing:10px;--divider-pattern-height:24px;--divider-pattern-size:20px;--divider-pattern-url:none;--divider-pattern-repeat:repeat-x}.elementor-widget-divider .elementor-divider{display:-webkit-box;display:-ms-flexbox;display:flex}.elementor-widget-divider .elementor-divider__text{font-size:15px;line-height:1;max-width:95%}.elementor-widget-divider .elementor-divider__element{margin:0 var(--divider-element-spacing);-ms-flex-negative:0;flex-shrink:0}.elementor-widget-divider .elementor-icon{font-size:var(--divider-icon-size)}.elementor-widget-divider .elementor-divider-separator{display:-webkit-box;display:-ms-flexbox;display:flex;margin:0;direction:ltr}.elementor-widget-divider--view-line_icon .elementor-divider-separator,.elementor-widget-divider--view-line_text .elementor-divider-separator{-webkit-box-align:center;-ms-flex-align:center;align-items:center}.elementor-widget-divider--view-line_icon .elementor-divider-separator:after,.elementor-widget-divider--view-line_icon .elementor-divider-separator:before,.elementor-widget-divider--view-line_text .elementor-divider-separator:after,.elementor-widget-divider--view-line_text .elementor-divider-separator:before{display:block;content:\"\";border-bottom:0;-webkit-box-flex:1;-ms-flex-positive:1;flex-grow:1;border-top:var(--divider-border-width) var(--divider-border-style) var(--divider-color)}.elementor-widget-divider--element-align-left .elementor-divider .elementor-divider-separator>.elementor-divider__svg:first-of-type{-webkit-box-flex:0;-ms-flex-positive:0;flex-grow:0;-ms-flex-negative:100;flex-shrink:100}.elementor-widget-divider--element-align-left .elementor-divider-separator:before{content:none}.elementor-widget-divider--element-align-left .elementor-divider__element{margin-left:0}.elementor-widget-divider--element-align-right .elementor-divider .elementor-divider-separator>.elementor-divider__svg:last-of-type{-webkit-box-flex:0;-ms-flex-positive:0;flex-grow:0;-ms-flex-negative:100;flex-shrink:100}.elementor-widget-divider--element-align-right .elementor-divider-separator:after{content:none}.elementor-widget-divider--element-align-right .elementor-divider__element{margin-right:0}.elementor-widget-divider:not(.elementor-widget-divider--view-line_text):not(.elementor-widget-divider--view-line_icon) .elementor-divider-separator{border-top:var(--divider-border-width) var(--divider-border-style) var(--divider-color)}.elementor-widget-divider--separator-type-pattern{--divider-border-style:none}.elementor-widget-divider--separator-type-pattern.elementor-widget-divider--view-line .elementor-divider-separator,.elementor-widget-divider--separator-type-pattern:not(.elementor-widget-divider--view-line) .elementor-divider-separator:after,.elementor-widget-divider--separator-type-pattern:not(.elementor-widget-divider--view-line) .elementor-divider-separator:before,.elementor-widget-divider--separator-type-pattern:not([class*=elementor-widget-divider--view]) .elementor-divider-separator{width:100%;min-height:var(--divider-pattern-height);-webkit-mask-size:var(--divider-pattern-size) 100%;mask-size:var(--divider-pattern-size) 100%;-webkit-mask-repeat:var(--divider-pattern-repeat);mask-repeat:var(--divider-pattern-repeat);background-color:var(--divider-color);-webkit-mask-image:var(--divider-pattern-url);mask-image:var(--divider-pattern-url)}.elementor-widget-divider--no-spacing{--divider-pattern-size:auto}.elementor-widget-divider--bg-round{--divider-pattern-repeat:round}.rtl .elementor-widget-divider .elementor-divider__text{direction:rtl}<\/style>\n<p>\t\t\t\tMentions l\u00e9gales<\/p>\n<p>Objectif Formation Cin\u00e9ma appartient \u00e0&nbsp;<b>PMO<\/b><em>&nbsp;entreprise immatricul\u00e9e en France, au registre Enseignement des Soci\u00e9t\u00e9s sous le num\u00e9ro \u00ab&nbsp;89080224200010 \u00bb &nbsp;et dont le si\u00e8ge social est \u00ab&nbsp;21 Rue Fondary 7505 Paris \u00bb.&nbsp;<\/em><\/p>\n<p>H\u00e9bergement : WordPress;<\/p>\n<p>Le site est h\u00e9berg\u00e9 par la soci\u00e9t\u00e9 WordPress.&nbsp; Les informations concernant la collecte et le traitement des donn\u00e9es personnelles (politique et d\u00e9claration) sont fournies dans la charte de donn\u00e9es personnelles du site.<\/p>\n<p>Tous droits r\u00e9serv\u00e9s \u2013 05 Avril 2022<\/p>\n","protected":false},"excerpt":{"rendered":"<p>Mentions l\u00e9gales Objectif Formation Cin\u00e9ma appartient \u00e0&nbsp;PMO&nbsp;entreprise immatricul\u00e9e en France, au registre Enseignement des Soci\u00e9t\u00e9s sous le num\u00e9ro \u00ab&nbsp;89080224200010 \u00bb &nbsp;et dont le si\u00e8ge social est \u00ab&nbsp;21 Rue Fondary 7505 Paris \u00bb.&nbsp; H\u00e9bergement : WordPress; Le site est h\u00e9berg\u00e9 par la soci\u00e9t\u00e9 WordPress.&nbsp; Les informations concernant la collecte et le traitement des donn\u00e9es personnelles (politique &hellip;<\/p>\n<p class=\"read-more\"> <a class=\"\" href=\"https:\/\/objectif-formation-cinema.com\/index.php\/mentions-legales\/\"> <span class=\"screen-reader-text\">Mentions l\u00e9gales<\/span> Lire la suite\u00a0\u00bb<\/a><\/p>\n","protected":false},"author":1,"featured_media":0,"parent":0,"menu_order":0,"comment_status":"closed","ping_status":"closed","template":"","meta":{"site-sidebar-layout":"no-sidebar","site-content-layout":"page-builder","ast-main-header-display":"","ast-hfb-above-header-display":"","ast-hfb-below-header-display":"","ast-hfb-mobile-header-display":"","site-post-title":"disabled","ast-breadcrumbs-content":"","ast-featured-img":"disabled","footer-sml-layout":"","theme-transparent-header-meta":"","adv-header-id-meta":"","stick-header-meta":"","header-above-stick-meta":"","header-main-stick-meta":"","header-below-stick-meta":"","footnotes":""},"class_list":["post-503","page","type-page","status-publish","hentry"],"_links":{"self":[{"href":"https:\/\/objectif-formation-cinema.com\/index.php\/wp-json\/wp\/v2\/pages\/503","targetHints":{"allow":["GET"]}}],"collection":[{"href":"https:\/\/objectif-formation-cinema.com\/index.php\/wp-json\/wp\/v2\/pages"}],"about":[{"href":"https:\/\/objectif-formation-cinema.com\/index.php\/wp-json\/wp\/v2\/types\/page"}],"author":[{"embeddable":true,"href":"https:\/\/objectif-formation-cinema.com\/index.php\/wp-json\/wp\/v2\/users\/1"}],"replies":[{"embeddable":true,"href":"https:\/\/objectif-formation-cinema.com\/index.php\/wp-json\/wp\/v2\/comments?post=503"}],"version-history":[{"count":5,"href":"https:\/\/objectif-formation-cinema.com\/index.php\/wp-json\/wp\/v2\/pages\/503\/revisions"}],"predecessor-version":[{"id":612,"href":"https:\/\/objectif-formation-cinema.com\/index.php\/wp-json\/wp\/v2\/pages\/503\/revisions\/612"}],"wp:attachment":[{"href":"https:\/\/objectif-formation-cinema.com\/index.php\/wp-json\/wp\/v2\/media?parent=503"}],"curies":[{"name":"wp","href":"https:\/\/api.w.org\/{rel}","templated":true}]}}