{"id":275,"date":"2022-04-05T13:09:28","date_gmt":"2022-04-05T11:09:28","guid":{"rendered":"http:\/\/objectif-formation-cinema.com\/?page_id=275"},"modified":"2023-03-09T09:01:17","modified_gmt":"2023-03-09T08:01:17","slug":"intervenants","status":"publish","type":"page","link":"https:\/\/objectif-formation-cinema.com\/index.php\/intervenants\/","title":{"rendered":"INTERVENANTS"},"content":{"rendered":"\t\t<div data-elementor-type=\"wp-page\" data-elementor-id=\"275\" class=\"elementor elementor-275\">\n\t\t\t\t\t\t\t\t\t<section class=\"elementor-section elementor-top-section elementor-element elementor-element-aaa8fa1 elementor-section-boxed elementor-section-height-default elementor-section-height-default\" data-id=\"aaa8fa1\" data-element_type=\"section\">\n\t\t\t\t\t\t<div class=\"elementor-container elementor-column-gap-default\">\n\t\t\t\t\t<div class=\"elementor-column elementor-col-100 elementor-top-column elementor-element elementor-element-0d40c52\" data-id=\"0d40c52\" data-element_type=\"column\">\n\t\t\t<div class=\"elementor-widget-wrap elementor-element-populated\">\n\t\t\t\t\t\t\t\t<div class=\"elementor-element elementor-element-872e124 elementor-widget elementor-widget-spacer\" data-id=\"872e124\" data-element_type=\"widget\" data-widget_type=\"spacer.default\">\n\t\t\t\t<div class=\"elementor-widget-container\">\n\t\t\t<style>\/*! elementor - v3.13.3 - 28-05-2023 *\/\n.elementor-column .elementor-spacer-inner{height:var(--spacer-size)}.e-con{--container-widget-width:100%}.e-con-inner>.elementor-widget-spacer,.e-con>.elementor-widget-spacer{width:var(--container-widget-width,var(--spacer-size));--align-self:var(--container-widget-align-self,initial);--flex-shrink:0}.e-con-inner>.elementor-widget-spacer>.elementor-widget-container,.e-con-inner>.elementor-widget-spacer>.elementor-widget-container>.elementor-spacer,.e-con>.elementor-widget-spacer>.elementor-widget-container,.e-con>.elementor-widget-spacer>.elementor-widget-container>.elementor-spacer{height:100%}.e-con-inner>.elementor-widget-spacer>.elementor-widget-container>.elementor-spacer>.elementor-spacer-inner,.e-con>.elementor-widget-spacer>.elementor-widget-container>.elementor-spacer>.elementor-spacer-inner{height:var(--container-widget-height,var(--spacer-size))}<\/style>\t\t<div class=\"elementor-spacer\">\n\t\t\t<div class=\"elementor-spacer-inner\"><\/div>\n\t\t<\/div>\n\t\t\t\t<\/div>\n\t\t\t\t<\/div>\n\t\t\t\t<div class=\"elementor-element elementor-element-d256a48 elementor-widget elementor-widget-heading\" data-id=\"d256a48\" data-element_type=\"widget\" data-widget_type=\"heading.default\">\n\t\t\t\t<div class=\"elementor-widget-container\">\n\t\t\t<style>\/*! elementor - v3.13.3 - 28-05-2023 *\/\n.elementor-heading-title{padding:0;margin:0;line-height:1}.elementor-widget-heading .elementor-heading-title[class*=elementor-size-]>a{color:inherit;font-size:inherit;line-height:inherit}.elementor-widget-heading .elementor-heading-title.elementor-size-small{font-size:15px}.elementor-widget-heading .elementor-heading-title.elementor-size-medium{font-size:19px}.elementor-widget-heading .elementor-heading-title.elementor-size-large{font-size:29px}.elementor-widget-heading .elementor-heading-title.elementor-size-xl{font-size:39px}.elementor-widget-heading .elementor-heading-title.elementor-size-xxl{font-size:59px}<\/style><h3 class=\"elementor-heading-title elementor-size-default\">Nos Intervenants<\/h3>\t\t<\/div>\n\t\t\t\t<\/div>\n\t\t\t\t<div class=\"elementor-element elementor-element-24fd270 elementor-widget elementor-widget-html\" data-id=\"24fd270\" data-element_type=\"widget\" data-widget_type=\"html.default\">\n\t\t\t\t<div class=\"elementor-widget-container\">\n\t\t\t<figure class=\"wp-block-table\"><table class=\"has-ast-global-color-2-color has-ast-global-color-6-background-color has-text-color has-background\"><tbody><tr><td><strong>MARINE ALBERT&nbsp;<\/strong><\/td><td><strong>(MANDIBULE, LA TROISIEME GUERRE, LA PIECE RAPPORT\u00c9E\u2026)<\/strong><\/td><td><a href=\"https:\/\/www.imdb.com\/name\/nm3137471\" target=\"_blank\" rel=\"noreferrer noopener\">imdb<\/a><\/td><\/tr><tr><td><strong>JULIE ALLIONE<\/strong><\/td><td><strong>(ADN, M\u00c9DECINS DE NUIT, UNE FILLE FACILE, UNE VIE VIOLENTE\u2026)<\/strong><\/td><td><a href=\"https:\/\/www.imdb.com\/name\/nm2203472\">imdb<\/a><strong><br>&nbsp;<\/strong><\/td><\/tr><tr><td><strong>FR\u00c9D\u00c9RIQUE AMAND&nbsp;<\/strong><\/td><td><strong>(LA FILLE DANS LES BOIS, LA PROMESSE, VULN\u00c9RABLES, UNE M\u00c8RE SOUS INFLUENCE, ENGRENAGES, BARON NOIR, CADRE NOIR, NO LIMIT\u2026)<br><\/strong><\/td><td><a href=\"https:\/\/www.imdb.com\/name\/nm0023874\" target=\"_blank\" rel=\"noreferrer noopener\">imdb<\/a><\/td><\/tr><tr><td><strong>CORALIE AM\u00c9D\u00c9O<\/strong><\/td><td><strong>(16&nbsp;ANS,&nbsp;BARBAQUE, LES CREVETTES PAILLET\u00c9ES, LA LOI DU MARCH\u00c9, L'APPARITION, RODIN, LA FRENCH...)<\/strong><\/td><td><a href=\"https:\/\/www.imdb.com\/name\/nm1055024\">imdb<\/a><\/td><\/tr><tr><td><strong>DAVID BARANES&nbsp;<\/strong><\/td><td><strong>(WONDERMAN, OR DE LUI, DE L\u2019AUTRE C\u00d4T\u00c9, LA VERITE SI JE MENS 4, DOCTEUR&nbsp;?, GIRLS WITH BALLS\u2026)<\/strong><\/td><td><a href=\"https:\/\/www.imdb.com\/name\/nm3387636\">imdb<\/a><\/td><\/tr><tr><td><strong>ST\u00c9PHANE BATUT&nbsp;<\/strong><\/td><td><strong>(BENEDETTA, BARBARA, UN BEAU SOLEIL INTERIEUR, MON ROI, DJANGO\u2026)<br><\/strong><\/td><td><a href=\"https:\/\/www.imdb.com\/name\/nm0061582\">imdb<\/a><\/td><\/tr><tr><td><strong>MOHAMED BELHAMAR<\/strong><\/td><td><strong>(RG03, VALID\u00c9, M, DHEEPAN, DE ROUILLE ET D\u2019OS, LE SENS DE LA&nbsp;FETE, GUEULE D\u2019ANGE\u2026)<\/strong><\/td><td><a href=\"https:\/\/www.imdb.com\/name\/nm2668716\">imdb<\/a><br><strong><u>&nbsp;<\/u><\/strong><\/td><\/tr><tr><td><strong>PIERRE JACQUES B\u00c9NICHOU<br><\/strong><\/td><td><strong>(TANGUY, LE CHANT DU LOUP, RAIDE DINGUE, CEZANNE ET MOI, ALADIN\u2026)<\/strong><\/td><td><a href=\"https:\/\/www.imdb.com\/name\/nm0071170\">imdb<\/a><\/td><\/tr><tr><td><strong>SYLVIE BROCHERE&nbsp;<\/strong><\/td><td><strong>(THE SPY, BRONX, LES CHORISTES\u2026)<\/strong><\/td><td><a href=\"https:\/\/www.imdb.com\/name\/nm0110528\">imdb<\/a><\/td><\/tr><tr><td><strong>JUDITH CHALIER&nbsp;<\/strong><\/td><td><strong>(PETIT PAYSAN, AVA, LES ANARCHISTES...)<\/strong><\/td><td><a href=\"https:\/\/www.imdb.com\/name\/nm4468780\" target=\"_blank\" rel=\"noreferrer noopener\">imdb<\/a><\/td><\/tr><tr><td><strong>LAURE COCHENER&nbsp;<\/strong><\/td><td><strong>(NOS BATAILLES, AVANT LA GUERRE, RUPTURE POUR TOUS\u2026)<\/strong><\/td><td><a href=\"https:\/\/www.imdb.com\/name\/nm1441104\">imdb<\/a><\/td><\/tr><tr><td><strong>PIERRE-FRAN\u00c7OIS&nbsp;CR\u00c9ANCIER<\/strong><\/td><td><strong>(DIVINES, TOUTES POUR UNE, UN AN UNE&nbsp;NUIT, L\u2019ECHAPPEE BELLE, LA CITE DES MIRACLES...)<\/strong><\/td><td><a href=\"https:\/\/www.imdb.com\/name\/nm1227268\" target=\"_blank\" rel=\"noreferrer noopener\">imdb<\/a><\/td><\/tr><tr><td><strong>JOANNA DELON&nbsp;<\/strong><\/td><td><strong>(RETOUR CHEZ MA MERE, TORIL, UN SI GRAND SOLEIL\u2026)<\/strong><\/td><td><a href=\"https:\/\/www.imdb.com\/name\/nm1197920\" target=\"_blank\" rel=\"noreferrer noopener\">imdb<\/a><\/td><\/tr><tr><td><strong>ELODIE DEMEY&nbsp;<\/strong><\/td><td><strong>(NOUREEV, LES ANIMAUX FANTASTIQUES, YOUNG POPE, BORGIA, J\u2019IRAI OU TU IRAS...)<\/strong><\/td><td><a href=\"https:\/\/www.imdb.com\/name\/nm2190638\" target=\"_blank\" rel=\"noreferrer noopener\">imdb<\/a><\/td><\/tr><tr><td><strong>CONSTANCE DEMONTOY<\/strong><\/td><td><strong>(EN CORPS, TITANE, STILLWATER, DR\u00d4LE, DIX POUR CENT, GERMINAL, GAR\u00c7ON CHIFFON, ELLE, DEUX MOI, SI ON CHANTAIT, CE QUI NOUS LIE\u2026)<br><\/strong><\/td><td><a href=\"https:\/\/www.imdb.com\/name\/nm0218646\" target=\"_blank\" rel=\"noreferrer noopener\">imdb<\/a><\/td><\/tr><tr><td><strong>VALERIE ESPAGNE&nbsp;<\/strong><\/td><td><strong>(DANS LA BRUME, LE RIRE DE MA MERE, UN SAC DE BILLE\u2026)<br><\/strong><\/td><td><a href=\"https:\/\/www.imdb.com\/name\/nm0260766\" target=\"_blank\" rel=\"noreferrer noopener\">imdb<\/a><\/td><\/tr><tr><td><strong>LEILA FOURNIER<\/strong><\/td><td><strong>(DES HOMMES, ARTHUR RAMBO, L\u2019AMANT DOUBLE, EASTERN BOYS,TOUT NOUS S\u00c9PARE, FRANTZ, D\u2019APR\u00c8S UNE HISTOIRE VRAIE\u2026)<\/strong><\/td><td><a href=\"https:\/\/www.imdb.com\/name\/nm1355035\">imdb<\/a><\/td><\/tr><tr><td><strong>OKINAWA&nbsp;GUERARD&nbsp;<\/strong><\/td><td><strong>(PARIS POLICE 1900, AD VITAM, LES T\u00c9MOINS, UN VILLAGE FRAN\u00c7AIS, THE TUNNEL\u2026)<\/strong><\/td><td><strong>&nbsp;<\/strong><br><a href=\"https:\/\/www.imdb.com\/name\/nm3175880\">imdb<\/a><\/td><\/tr><tr><td><strong>FRAN\u00c7OIS GUIGNARD<\/strong><\/td><td><strong>(AVA, IBRAHIM,&nbsp;LA LUTTE DES CLASSES,&nbsp;MA REVOLUTION...)<br><\/strong><\/td><td><a href=\"https:\/\/www.imdb.com\/name\/nm1430361\">imdb<\/a><\/td><\/tr><tr><td><strong>BENEDICTE GUIHO&nbsp;<\/strong><\/td><td><strong>(GUEULE D'ANGE, CAIN, PETITES FILLES ...)&nbsp;<\/strong><\/td><td><a href=\"https:\/\/www.imdb.com\/name\/nm9781039\">imdb<\/a><\/td><\/tr><tr><td><strong>SOONE HOANG<\/strong><\/td><td><strong>(SIMONE LE VOYAGE DU SI\u00c8CLE, MISSIONS, ONADA, POISSONSEXE, LES AFFAM\u00c9S, VENDEUR\u2026)<\/strong><\/td><td><a href=\"https:\/\/www.imdb.com\/name\/nm3191144\">imdb<\/a><\/td><\/tr><tr><td><strong>HERVE JAKUBOWICZ<br><\/strong><\/td><td><strong>(KOMPROMAT, LE BUREAU DES LEGENDES, KURSK, MES TR\u00c9SORS, LES BLAGUES DE TOTO, LOLA ET SES FRERES\u2026)<br><\/strong><\/td><td><a href=\"https:\/\/www.imdb.com\/name\/nm0416043\">imdb<\/a><\/td><\/tr><tr><td><strong>ANGELIQUE LUISI<\/strong><\/td><td><strong>(GUY , JACQUELINE SAUVAGE, UN DRAGON EN FORME DE NUAGE,3615 MONIQUE, PUZZLE, SWEET GIRLS,\u2026)<\/strong><\/td><td><a href=\"https:\/\/www.imdb.com\/name\/nm6474700\" target=\"_blank\" rel=\"noreferrer noopener\">imdb<\/a><\/td><\/tr><tr><td><strong>JULIETTE MENAGER&nbsp;<\/strong><\/td><td><strong>(BABEL, VERSAILLES, JACK RYAN, SAC DE BILLES, PATRIOT..)<\/strong><\/td><td><a href=\"https:\/\/www.imdb.com\/name\/nm0617593\">imdb<\/a><\/td><\/tr><tr><td><strong>BRIGITTE MOIDON<\/strong><\/td><td><strong>(BOITE NOIRE, L\u2019ENFANT R\u00c9V\u00c9, LA BONNE \u00c9POUSE, IL \u00c9TAIT UNE SECONDE FOIS, LA FILLE AU BRACELET, PLACE PUBLIQUE, LES CONFINS DU MONDE...)&nbsp;<\/strong><\/td><td><a href=\"https:\/\/www.imdb.com\/name\/nm0596112\">imdb<\/a><\/td><\/tr><tr><td><strong>JULIE NAVARRO&nbsp;<br><\/strong><\/td><td><strong>(HYPPOCRATE, FAMILY BUSINESS,&nbsp;PREMIERE ANNEE, GAUGUIN\u2026)<br><\/strong><\/td><td><a href=\"https:\/\/www.imdb.com\/name\/nm1007739\">imdb<\/a><\/td><\/tr><tr><td><strong>ALEXANDRE NAZARIAN&nbsp;<\/strong><\/td><td><strong>(MON ROI, ROUBAIX UNE LUMIERE, TROIS SOUVENIRS DE MA JEUNESSE, SI TU VOYAIS SON COEUR&nbsp;\u2026)<\/strong><\/td><td><a href=\"http:\/\/www.imdb.com\/name\/nm1142241\/\">imdb<\/a><br><strong>&nbsp;<\/strong><\/td><\/tr><tr><td><strong>SWAN PHAM&nbsp;<\/strong><\/td><td><strong>(ANNA, JUSQU\u2019ICI TOUT VA BIEN, LOVE ADDICT, IL A DEJA TES YEUX\u2026)<\/strong><\/td><td><a href=\"https:\/\/www.imdb.com\/name\/nm0679635\">imdb<\/a><br><strong>&nbsp;<\/strong><\/td><\/tr><tr><td><strong>MARTIN ROUGIER&nbsp;<\/strong><\/td><td><strong>(MONSIEUR JE SAIS TOUT, REVENGE, BABY PHONE\u2026)<\/strong><\/td><td><a href=\"https:\/\/www.imdb.com\/name\/nm3171829\">imdb<\/a><\/td><\/tr><tr><td><strong>MATHILDE SNODGRASS<\/strong><\/td><td><strong>(LES FRERES SISTERS, LES TRADUCTEURS, INGLOURIOUS BASTERDS, RAID DINGUE\u2026)<\/strong><\/td><td><a href=\"https:\/\/www.imdb.com\/name\/nm3451508\">imdb<\/a><\/td><\/tr><tr><td><strong>SARAH TEPER<\/strong><\/td><td><strong>(TRALALA, MADELEINE COLLINS, LE TEMPS D\u2019AIMER, PLUS QUE JAMAIS, DE NOS FR\u00c8RES BLESS\u00c9S, 120 BATTEMENTS PAR MINUTE, REPARER LES VIVANTS, UN AMOUR IMPOSSIBLE, UNE \u00ceLE\u2026)<\/strong><\/td><td><a href=\"https:\/\/www.imdb.com\/name\/nm0855284\">imdb<\/a><\/td><\/tr><tr><td><strong>MARION TOUITOU<\/strong><\/td><td><strong>(LES AMANDIERS, LES ESTIVANTS, BURN OUT, AMANDA, TOUS LES R\u00caVES DU MONDE, PASSE-MURAILLE)<\/strong><\/td><td><a href=\"https:\/\/www.imdb.com\/name\/nm0869537\">imdb<\/a><\/td><\/tr><tr><td><strong>ANNETTE TRUMEL<\/strong><\/td><td><strong>(ATTENTION AU D\u00c9PART, L\u2019ENVOL, SPIN CITY, VERSAILLES, UNE FAMILLE SYRIENNE, FLEUVE NOIR, UN SAC DE BILLES \u2026)<\/strong><\/td><td><a href=\"https:\/\/www.imdb.com\/name\/nm0874326\">imdb<\/a><\/td><\/tr><tr><td><strong>TATIANA VIALLE<\/strong><\/td><td><strong>(MAIGRET, LES JEUNES AMANTS, PROFESSION DU P\u00c8RE, VOLONTAIRE, UN BEAU VOYOU, EMBRASSE MOI, OTEZ MOI D\u2019UN DOUTE\u2026)<\/strong><\/td><td><a href=\"https:\/\/www.imdb.com\/name\/nm0895635\">imdb<\/a><\/td><\/tr><tr><td><strong>ELISE VOGEL<\/strong><\/td><td><strong>(LES MIS\u00c9RABLES, EAU-FORTE, UNTITLED JOHNNY DEPP\/ LOUISXV, NORMAL, LE MONDE DE DEMAIN, R\u00c9PARER LES VIVANTS, DE NOS FR\u00c8RES BLESS\u00c9S, LE NOUVEAU\u2026)<\/strong><\/td><td><a href=\"https:\/\/www.imdb.com\/name\/nm5595933\">imdb<\/a><\/td><\/tr><\/tbody><\/table><\/figure>\t\t<\/div>\n\t\t\t\t<\/div>\n\t\t\t\t\t<\/div>\n\t\t<\/div>\n\t\t\t\t\t\t\t<\/div>\n\t\t<\/section>\n\t\t\t\t\t\t\t<\/div>\n\t\t","protected":false},"excerpt":{"rendered":"<p>Nos Intervenants MARINE ALBERT&nbsp; (MANDIBULE, LA TROISIEME GUERRE, LA PIECE RAPPORT\u00c9E\u2026) imdb JULIE ALLIONE (ADN, M\u00c9DECINS DE NUIT, UNE FILLE FACILE, UNE VIE VIOLENTE\u2026) imdb&nbsp; FR\u00c9D\u00c9RIQUE AMAND&nbsp; (LA FILLE DANS LES BOIS, LA PROMESSE, VULN\u00c9RABLES, UNE M\u00c8RE SOUS INFLUENCE, ENGRENAGES, BARON NOIR, CADRE NOIR, NO LIMIT\u2026) imdb CORALIE AM\u00c9D\u00c9O (16&nbsp;ANS,&nbsp;BARBAQUE, LES CREVETTES PAILLET\u00c9ES, LA LOI &hellip;<\/p>\n<p class=\"read-more\"> <a class=\"\" href=\"https:\/\/objectif-formation-cinema.com\/index.php\/intervenants\/\"> <span class=\"screen-reader-text\">INTERVENANTS<\/span> Lire la suite\u00a0\u00bb<\/a><\/p>\n","protected":false},"author":1,"featured_media":0,"parent":0,"menu_order":0,"comment_status":"closed","ping_status":"closed","template":"","meta":{"site-sidebar-layout":"no-sidebar","site-content-layout":"page-builder","ast-main-header-display":"","ast-hfb-above-header-display":"","ast-hfb-below-header-display":"","ast-hfb-mobile-header-display":"","site-post-title":"disabled","ast-breadcrumbs-content":"","ast-featured-img":"disabled","footer-sml-layout":"","theme-transparent-header-meta":"","adv-header-id-meta":"","stick-header-meta":"","header-above-stick-meta":"","header-main-stick-meta":"","header-below-stick-meta":"","footnotes":""},"class_list":["post-275","page","type-page","status-publish","hentry"],"_links":{"self":[{"href":"https:\/\/objectif-formation-cinema.com\/index.php\/wp-json\/wp\/v2\/pages\/275","targetHints":{"allow":["GET"]}}],"collection":[{"href":"https:\/\/objectif-formation-cinema.com\/index.php\/wp-json\/wp\/v2\/pages"}],"about":[{"href":"https:\/\/objectif-formation-cinema.com\/index.php\/wp-json\/wp\/v2\/types\/page"}],"author":[{"embeddable":true,"href":"https:\/\/objectif-formation-cinema.com\/index.php\/wp-json\/wp\/v2\/users\/1"}],"replies":[{"embeddable":true,"href":"https:\/\/objectif-formation-cinema.com\/index.php\/wp-json\/wp\/v2\/comments?post=275"}],"version-history":[{"count":16,"href":"https:\/\/objectif-formation-cinema.com\/index.php\/wp-json\/wp\/v2\/pages\/275\/revisions"}],"predecessor-version":[{"id":1068,"href":"https:\/\/objectif-formation-cinema.com\/index.php\/wp-json\/wp\/v2\/pages\/275\/revisions\/1068"}],"wp:attachment":[{"href":"https:\/\/objectif-formation-cinema.com\/index.php\/wp-json\/wp\/v2\/media?parent=275"}],"curies":[{"name":"wp","href":"https:\/\/api.w.org\/{rel}","templated":true}]}}